{"id":727,"date":"2025-06-18T14:23:56","date_gmt":"2025-06-18T14:23:56","guid":{"rendered":"https:\/\/elingea.com\/?post_type=product&#038;p=727"},"modified":"2025-07-07T09:51:19","modified_gmt":"2025-07-07T09:51:19","slug":"asparagus-sauce-with-mushrooms-saffron-green-pepper-and-lemon-zest","status":"publish","type":"product","link":"https:\/\/elingea.com\/fr\/produit\/asparagus-sauce-with-mushrooms-saffron-green-pepper-and-lemon-zest\/","title":{"rendered":"Sauce aux asperges aux champignons, safran, poivron vert et zeste de citron"},"content":{"rendered":"<div class=\"wpb-content-wrapper\"><div class=\"vc_row wpb_row vc_row-fluid wd-rs-660eb1f656e9c\"><div class=\"wpb_column vc_column_container vc_col-sm-12 wd-rs-660eb12680855\"><div class=\"vc_column-inner\"><div class=\"wpb_wrapper\">\t\t<div id=\"wd-682dd46f0d5e2\" class=\"wd-text-block wd-wpb reset-last-child wd-rs-682dd46f0d5e2 text-left vc_custom_1747833971493\">\n\t\t\t\t\t<\/div>\n\t\t\t\t<div id=\"wd-686b987eb922a\" class=\"wd-image wd-wpb wd-rs-686b987eb922a text-center vc_custom_1751881875818\">\n\t\t\t\n\t\t\t<img loading=\"lazy\" decoding=\"async\" width=\"600\" height=\"420\" src=\"https:\/\/elingea.com\/wp-content\/uploads\/2025\/06\/blue-product.jpg\" class=\"attachment-full size-full\" alt=\"\" srcset=\"https:\/\/elingea.com\/wp-content\/uploads\/2025\/06\/blue-product.jpg 600w, https:\/\/elingea.com\/wp-content\/uploads\/2025\/06\/blue-product-300x210.jpg 300w, https:\/\/elingea.com\/wp-content\/uploads\/2025\/06\/blue-product-18x12.jpg 18w, https:\/\/elingea.com\/wp-content\/uploads\/2025\/06\/blue-product-150x105.jpg 150w\" sizes=\"auto, (max-width: 600px) 100vw, 600px\" \/>\n\t\t\t\t\t<\/div>\n\t\t\t\t<div id=\"wd-682ddd160be95\" class=\"wd-text-block wd-wpb reset-last-child wd-rs-682ddd160be95 text-left\">\n\t\t\t\t\t<\/div>\n\t\t\t\t<div id=\"wd-6863ae696f0de\" class=\"wd-text-block wd-wpb reset-last-child wd-rs-6863ae696f0de text-left wd-font-weight-600 color-title wd-fontsize-m font-primary vc_custom_1751363188212\">\n\t\t\t<p><span class=\"HwtZe\" lang=\"en\"><span class=\"jCAhz ChMk0b\"><span class=\"ryNqvb\">Ingr\u00e9dients du produit<\/span><\/span><\/span>:<\/p>\n\t\t<\/div>\n\t\t\t\t<div class=\"wd-wpb wd-rs-660eb5dcbb45f\">\n\t\t\t<div class=\"wd-el-table-wrap wd-reset-all-last\">\n\t\t\t\t<table class=\"wd-el-table\">\n\t\t\t\t\t<tbody class=\"text-left\">\n\t\t\t\t\t\t\t\t<tr class=\"wd-rs-6863af0a4a2a6\">\n\t\t\t\t\t\t\t\t\t\t\t\t\t\t<th colspan=\"1\" rowspan=\"1\">\n\t\t\t\t\t\t\t\t\t\t\t\t\tPur\u00e9e d'asperges\t\t\t\t\t\t\t\t\t\t\t<\/th>\n\t\t\t\t\t\t\t\t\t\t\t\t\t\t<th colspan=\"1\" rowspan=\"1\" class=\"text-center\">\n\t\t\t\t\t\t\t\t\t\t\t\t\t72%\t\t\t\t\t\t\t\t\t\t\t<\/th>\n\t\t\t\t\t\t\t<\/tr>\n\t\t\t\t\t<tr class=\"wd-rs-6863af0fa4f31\">\n\t\t\t\t\t\t\t\t\t\t\t\t\t\t<th colspan=\"1\" rowspan=\"1\">\n\t\t\t\t\t\t\t\t\t\t\t\t\tChampignons\t\t\t\t\t\t\t\t\t\t\t<\/th>\n\t\t\t\t\t\t\t\t\t\t\t\t\t\t<th colspan=\"1\" rowspan=\"1\" class=\"text-center\">\n\t\t\t\t\t\t\t\t\t\t\t\t\t15%\t\t\t\t\t\t\t\t\t\t\t<\/th>\n\t\t\t\t\t\t\t<\/tr>\n\t\t\t\t\t<tr class=\"wd-rs-6863af14b5cd0\">\n\t\t\t\t\t\t\t\t\t\t\t\t\t\t<th colspan=\"1\" rowspan=\"1\">\n\t\t\t\t\t\t\t\t\t\t\t\t\tPoivron vert\t\t\t\t\t\t\t\t\t\t\t<\/th>\n\t\t\t\t\t\t\t\t\t\t\t\t\t\t<th colspan=\"1\" rowspan=\"1\" class=\"text-center\">\n\t\t\t\t\t\t\t\t\t\t\t\t\t5%\t\t\t\t\t\t\t\t\t\t\t<\/th>\n\t\t\t\t\t\t\t<\/tr>\n\t\t\t\t\t<tr class=\"wd-rs-6863af1a0c0e0\">\n\t\t\t\t\t\t\t\t\t\t\t\t\t\t<th colspan=\"1\" rowspan=\"1\">\n\t\t\t\t\t\t\t\t\t\t\t\t\tf\u00e9cule de pomme de terre\t\t\t\t\t\t\t\t\t\t\t<\/th>\n\t\t\t\t\t\t\t\t\t\t\t\t\t\t<th colspan=\"1\" rowspan=\"1\" class=\"text-center\">\n\t\t\t\t\t\t\t\t\t\t\t<\/th>\n\t\t\t\t\t\t\t<\/tr>\n\t\t\t\t\t<tr class=\"wd-rs-6863af211e145\">\n\t\t\t\t\t\t\t\t\t\t\t\t\t\t<th colspan=\"1\" rowspan=\"1\">\n\t\t\t\t\t\t\t\t\t\t\t\t\tHuile d'olive vierge extra\t\t\t\t\t\t\t\t\t\t\t<\/th>\n\t\t\t\t\t\t\t\t\t\t\t\t\t\t<th colspan=\"1\" rowspan=\"1\" class=\"text-center\">\n\t\t\t\t\t\t\t\t\t\t\t<\/th>\n\t\t\t\t\t\t\t<\/tr>\n\t\t\t\t\t<tr class=\"wd-rs-6863af273ce9e\">\n\t\t\t\t\t\t\t\t\t\t\t\t\t\t<th colspan=\"1\" rowspan=\"1\">\n\t\t\t\t\t\t\t\t\t\t\t\t\tJus de citron naturel\t\t\t\t\t\t\t\t\t\t\t<\/th>\n\t\t\t\t\t\t\t\t\t\t\t\t\t\t<th colspan=\"1\" rowspan=\"1\" class=\"text-center\">\n\t\t\t\t\t\t\t\t\t\t\t<\/th>\n\t\t\t\t\t\t\t<\/tr>\n\t\t\t\t\t<tr class=\"wd-rs-6863af4ac3b69\">\n\t\t\t\t\t\t\t\t\t\t\t\t\t\t<th colspan=\"1\" rowspan=\"1\">\n\t\t\t\t\t\t\t\t\t\t\t\t\tSel\t\t\t\t\t\t\t\t\t\t\t<\/th>\n\t\t\t\t\t\t\t\t\t\t\t\t\t\t<th colspan=\"1\" rowspan=\"1\" class=\"text-center\">\n\t\t\t\t\t\t\t\t\t\t\t\t\t1%\t\t\t\t\t\t\t\t\t\t\t<\/th>\n\t\t\t\t\t\t\t<\/tr>\n\t\t\t\t\t<tr class=\"wd-rs-6863af451e36b\">\n\t\t\t\t\t\t\t\t\t\t\t\t\t\t<th colspan=\"1\" rowspan=\"1\">\n\t\t\t\t\t\t\t\t\t\t\t\t\tzeste de citron\t\t\t\t\t\t\t\t\t\t\t<\/th>\n\t\t\t\t\t\t\t\t\t\t\t\t\t\t<th colspan=\"1\" rowspan=\"1\" class=\"text-center\">\n\t\t\t\t\t\t\t\t\t\t\t<\/th>\n\t\t\t\t\t\t\t<\/tr>\n\t\t\t\t\t<tr class=\"wd-rs-6863af403e11a\">\n\t\t\t\t\t\t\t\t\t\t\t\t\t\t<th colspan=\"1\" rowspan=\"1\">\n\t\t\t\t\t\t\t\t\t\t\t\t\tThym\t\t\t\t\t\t\t\t\t\t\t<\/th>\n\t\t\t\t\t\t\t\t\t\t\t\t\t\t<th colspan=\"1\" rowspan=\"1\" class=\"text-center\">\n\t\t\t\t\t\t\t\t\t\t\t<\/th>\n\t\t\t\t\t\t\t<\/tr>\n\t\t\t\t\t<tr class=\"wd-rs-6863af3b32ff9\">\n\t\t\t\t\t\t\t\t\t\t\t\t\t\t<th colspan=\"1\" rowspan=\"1\">\n\t\t\t\t\t\t\t\t\t\t\t\t\tBasilic\t\t\t\t\t\t\t\t\t\t\t<\/th>\n\t\t\t\t\t\t\t\t\t\t\t\t\t\t<th colspan=\"1\" rowspan=\"1\" class=\"text-center\">\n\t\t\t\t\t\t\t\t\t\t\t<\/th>\n\t\t\t\t\t\t\t<\/tr>\n\t\t\t\t\t<tr class=\"wd-rs-6863af35f220b\">\n\t\t\t\t\t\t\t\t\t\t\t\t\t\t<th colspan=\"1\" rowspan=\"1\">\n\t\t\t\t\t\t\t\t\t\t\t\t\tSaffron\t\t\t\t\t\t\t\t\t\t\t<\/th>\n\t\t\t\t\t\t\t\t\t\t\t\t\t\t<th colspan=\"1\" rowspan=\"1\" class=\"text-center\">\n\t\t\t\t\t\t\t\t\t\t\t<\/th>\n\t\t\t\t\t\t\t<\/tr>\n\t\t\t\t\t\t\t<\/tbody>\n\t\t\t\t<\/table>\n\t\t\t<\/div>\n\t\t<\/div>\n\t\t\t\t<div id=\"wd-6863ae786efa6\" class=\"wd-text-block wd-wpb reset-last-child wd-rs-6863ae786efa6 text-left wd-font-weight-600 color-title wd-fontsize-m font-primary vc_custom_1751363205739\">\n\t\t\t<p><span class=\"HwtZe\" lang=\"en\"><span class=\"jCAhz ChMk0b\"><span class=\"ryNqvb\">\u00c9TIQUETAGE NUTRITIONNEL<\/span><\/span><\/span><\/p>\n\t\t<\/div>\n\t\t\t\t<div id=\"wd-6863ae8a1fbbb\" class=\"wd-text-block wd-wpb reset-last-child wd-rs-6863ae8a1fbbb text-left vc_custom_1751363241335\">\n\t\t\t<table dir=\"ltr\" border=\"1\" cellspacing=\"0\" cellpadding=\"0\" data-sheets-root=\"1\" data-sheets-baot=\"1\">\n<colgroup>\n<col width=\"455\" \/>\n<col width=\"100\" \/><\/colgroup>\n<tbody>\n<tr>\n<td>\u0395\u03bd\u03ad\u03c1\u03b3\u03b5\u03b9\u03b1 \/ Energy \/ \u00c9nergie \/ Energie<\/td>\n<td>\n<div>\n<div>212,8kj &#8211; 50,9kcal<\/div>\n<\/div>\n<\/td>\n<\/tr>\n<tr>\n<td>\u039b\u03b9\u03c0\u03b1\u03c1\u03ac \/ Fat \/ Mati\u00e8res grasses \/ Vetten \/ Fett<\/td>\n<td>2,5 g<\/td>\n<\/tr>\n<tr>\n<td>\u039a\u03bf\u03c1\u03b5\u03c3\u03bc\u03ad\u03bd\u03b1 \/ Saturated \/ Satur\u00e9s \/ Verzadigd \/ Ges\u00e4ttigte<\/td>\n<td>0,3 g<\/td>\n<\/tr>\n<tr>\n<td>\u03a5\u03b4\u03b1\u03c4\u03ac\u03bd\u03b8\u03c1\u03b1\u03ba\u03b5\u03c2 \/ Carbohydrates \/ Glucides \/ Koolhydraten \/ Kohlenhydrate<\/td>\n<td>4,9 g<\/td>\n<\/tr>\n<tr>\n<td>\u03a3\u03ac\u03ba\u03c7\u03b1\u03c1\u03b1 \/ Sugars \/ Sucres \/ Suikers \/ Zucker<\/td>\n<td>2,6 g<\/td>\n<\/tr>\n<tr>\n<td>\u03a0\u03c1\u03c9\u03c4\u03b5\u0390\u03bd\u03b5\u03c2 \/ Proteins \/ Prot\u00e9ines \/ Eiwitten \/ Proteine<\/td>\n<td>2,2 g<\/td>\n<\/tr>\n<tr>\n<td>\u0391\u03bb\u03ac\u03c4\u03b9 \/ Salt \/ Sel \/ Zout \/ Salz<\/td>\n<td>1,0 g<\/td>\n<\/tr>\n<tr>\n<td><span class=\"HwtZe\" lang=\"en\"><span class=\"jCAhz ChMk0b\"><span class=\"ryNqvb\">Conditionnement<\/span><\/span><\/span> 350ml \u2013 <span class=\"HwtZe\" lang=\"en\"><span class=\"jCAhz ChMk0b\"><span class=\"ryNqvb\">Jars per box<\/span><\/span><\/span> 12<\/td>\n<td><\/td>\n<\/tr>\n<tr>\n<td><span class=\"HwtZe\" lang=\"en\"><span class=\"jCAhz ChMk0b\"><span class=\"ryNqvb\">Conditionnement<\/span><\/span><\/span> 680 ml \u2013 <span class=\"HwtZe\" lang=\"en\"><span class=\"jCAhz ChMk0b\"><span class=\"ryNqvb\">Jars per box<\/span><\/span><\/span> 6<\/td>\n<td><\/td>\n<\/tr>\n<\/tbody>\n<\/table>\n\t\t<\/div>\n\t\t\t\t<div id=\"wd-6863aeacb8c4c\" class=\"wd-text-block wd-wpb reset-last-child wd-rs-6863aeacb8c4c text-left wd-font-weight-600 color-title wd-fontsize-m font-primary vc_custom_1751363251176\">\n\t\t\t<p>Conditionnement 350ml, 680ml<br \/>\n350ml, 680ml<\/p>\n\t\t<\/div>\n\t\t\t\t<div id=\"wd-6863aeb55afae\" class=\"wd-text-block wd-wpb reset-last-child wd-rs-6863aeb55afae text-left vc_custom_1751363260054\">\n\t\t\t<p>Produit pasteuris\u00e9.<br \/>\nDur\u00e9e de conservation 24 mois.<\/p>\n\t\t<\/div>\n\t\t<\/div><\/div><\/div><\/div>\n<\/div>","protected":false},"excerpt":{"rendered":"<p>Une combinaison de saveurs raffin\u00e9e o\u00f9 les asperges et les champignons se marient harmonieusement avec l'ar\u00f4me du safran de Kozani. Le zeste de citron apporte de la fra\u00eecheur, tandis que le poivre compl\u00e8te la composition par sa douceur subtile. Une proposition unique pour la cuisine moderne.<\/p>\n<p><strong>Disponible en paquets de 350 ml, 980 ml et 1980 ml<\/strong><\/p>","protected":false},"featured_media":761,"comment_status":"open","ping_status":"closed","template":"","meta":[],"product_brand":[],"product_cat":[40],"product_tag":[],"class_list":{"0":"post-727","1":"product","2":"type-product","3":"status-publish","4":"has-post-thumbnail","6":"product_cat-asparagus","8":"first","9":"instock","10":"shipping-taxable","11":"product-type-simple"},"yoast_head":"<!-- This site is optimized with the Yoast SEO plugin v25.7 - https:\/\/yoast.com\/wordpress\/plugins\/seo\/ -->\n<title>Asparagus sauce with mushrooms, saffron, green pepper and lemon zest - Elingea<\/title>\n<meta name=\"robots\" content=\"index, follow, max-snippet:-1, max-image-preview:large, max-video-preview:-1\" \/>\n<link rel=\"canonical\" href=\"https:\/\/elingea.com\/fr\/produit\/asparagus-sauce-with-mushrooms-saffron-green-pepper-and-lemon-zest\/\" \/>\n<meta property=\"og:locale\" content=\"fr_FR\" \/>\n<meta property=\"og:type\" content=\"article\" \/>\n<meta property=\"og:title\" content=\"Asparagus sauce with mushrooms, saffron, green pepper and lemon zest - Elingea\" \/>\n<meta property=\"og:description\" content=\"A refined flavor combination where asparagus and mushrooms blend harmoniously with aromatic Kozani saffron. Lemon zest adds freshness, while pepper completes the composition with its subtle sweetness. A unique proposal for modern cuisine.  Available in 350ml &amp; 680ml packages\" \/>\n<meta property=\"og:url\" content=\"https:\/\/elingea.com\/fr\/produit\/asparagus-sauce-with-mushrooms-saffron-green-pepper-and-lemon-zest\/\" \/>\n<meta property=\"og:site_name\" content=\"Elingea\" \/>\n<meta property=\"article:modified_time\" content=\"2025-07-07T09:51:19+00:00\" \/>\n<meta property=\"og:image\" content=\"https:\/\/elingea.com\/wp-content\/uploads\/2024\/03\/elingea-blue.jpg\" \/>\n\t<meta property=\"og:image:width\" content=\"1000\" \/>\n\t<meta property=\"og:image:height\" content=\"1000\" \/>\n\t<meta property=\"og:image:type\" content=\"image\/jpeg\" \/>\n<meta name=\"twitter:card\" content=\"summary_large_image\" \/>\n<meta name=\"twitter:label1\" content=\"Dur\u00e9e de lecture estim\u00e9e\" \/>\n\t<meta name=\"twitter:data1\" content=\"2 minutes\" \/>\n<script type=\"application\/ld+json\" class=\"yoast-schema-graph\">{\"@context\":\"https:\/\/schema.org\",\"@graph\":[{\"@type\":\"WebPage\",\"@id\":\"https:\/\/elingea.com\/product\/asparagus-sauce-with-mushrooms-saffron-green-pepper-and-lemon-zest\/\",\"url\":\"https:\/\/elingea.com\/product\/asparagus-sauce-with-mushrooms-saffron-green-pepper-and-lemon-zest\/\",\"name\":\"Asparagus sauce with mushrooms, saffron, green pepper and lemon zest - Elingea\",\"isPartOf\":{\"@id\":\"https:\/\/elingea.com\/#website\"},\"primaryImageOfPage\":{\"@id\":\"https:\/\/elingea.com\/product\/asparagus-sauce-with-mushrooms-saffron-green-pepper-and-lemon-zest\/#primaryimage\"},\"image\":{\"@id\":\"https:\/\/elingea.com\/product\/asparagus-sauce-with-mushrooms-saffron-green-pepper-and-lemon-zest\/#primaryimage\"},\"thumbnailUrl\":\"https:\/\/elingea.com\/wp-content\/uploads\/2024\/03\/elingea-blue.jpg\",\"datePublished\":\"2025-06-18T14:23:56+00:00\",\"dateModified\":\"2025-07-07T09:51:19+00:00\",\"breadcrumb\":{\"@id\":\"https:\/\/elingea.com\/product\/asparagus-sauce-with-mushrooms-saffron-green-pepper-and-lemon-zest\/#breadcrumb\"},\"inLanguage\":\"fr-FR\",\"potentialAction\":[{\"@type\":\"ReadAction\",\"target\":[\"https:\/\/elingea.com\/product\/asparagus-sauce-with-mushrooms-saffron-green-pepper-and-lemon-zest\/\"]}]},{\"@type\":\"ImageObject\",\"inLanguage\":\"fr-FR\",\"@id\":\"https:\/\/elingea.com\/product\/asparagus-sauce-with-mushrooms-saffron-green-pepper-and-lemon-zest\/#primaryimage\",\"url\":\"https:\/\/elingea.com\/wp-content\/uploads\/2024\/03\/elingea-blue.jpg\",\"contentUrl\":\"https:\/\/elingea.com\/wp-content\/uploads\/2024\/03\/elingea-blue.jpg\",\"width\":1000,\"height\":1000},{\"@type\":\"BreadcrumbList\",\"@id\":\"https:\/\/elingea.com\/product\/asparagus-sauce-with-mushrooms-saffron-green-pepper-and-lemon-zest\/#breadcrumb\",\"itemListElement\":[{\"@type\":\"ListItem\",\"position\":1,\"name\":\"Home\",\"item\":\"https:\/\/elingea.com\/\"},{\"@type\":\"ListItem\",\"position\":2,\"name\":\"Shop\",\"item\":\"https:\/\/elingea.com\/?page_id=133\"},{\"@type\":\"ListItem\",\"position\":3,\"name\":\"Asparagus sauce with mushrooms, saffron, green pepper and lemon zest\"}]},{\"@type\":\"WebSite\",\"@id\":\"https:\/\/elingea.com\/#website\",\"url\":\"https:\/\/elingea.com\/\",\"name\":\"Elingea\",\"description\":\"Mediterranean Natural Products\",\"potentialAction\":[{\"@type\":\"SearchAction\",\"target\":{\"@type\":\"EntryPoint\",\"urlTemplate\":\"https:\/\/elingea.com\/?s={search_term_string}\"},\"query-input\":{\"@type\":\"PropertyValueSpecification\",\"valueRequired\":true,\"valueName\":\"search_term_string\"}}],\"inLanguage\":\"fr-FR\"}]}<\/script>\n<!-- \/ Yoast SEO plugin. -->","yoast_head_json":{"title":"Asparagus sauce with mushrooms, saffron, green pepper and lemon zest - Elingea","robots":{"index":"index","follow":"follow","max-snippet":"max-snippet:-1","max-image-preview":"max-image-preview:large","max-video-preview":"max-video-preview:-1"},"canonical":"https:\/\/elingea.com\/fr\/produit\/asparagus-sauce-with-mushrooms-saffron-green-pepper-and-lemon-zest\/","og_locale":"fr_FR","og_type":"article","og_title":"Asparagus sauce with mushrooms, saffron, green pepper and lemon zest - Elingea","og_description":"A refined flavor combination where asparagus and mushrooms blend harmoniously with aromatic Kozani saffron. Lemon zest adds freshness, while pepper completes the composition with its subtle sweetness. A unique proposal for modern cuisine.  Available in 350ml &amp; 680ml packages","og_url":"https:\/\/elingea.com\/fr\/produit\/asparagus-sauce-with-mushrooms-saffron-green-pepper-and-lemon-zest\/","og_site_name":"Elingea","article_modified_time":"2025-07-07T09:51:19+00:00","og_image":[{"width":1000,"height":1000,"url":"https:\/\/elingea.com\/wp-content\/uploads\/2024\/03\/elingea-blue.jpg","type":"image\/jpeg"}],"twitter_card":"summary_large_image","twitter_misc":{"Dur\u00e9e de lecture estim\u00e9e":"2 minutes"},"schema":{"@context":"https:\/\/schema.org","@graph":[{"@type":"WebPage","@id":"https:\/\/elingea.com\/product\/asparagus-sauce-with-mushrooms-saffron-green-pepper-and-lemon-zest\/","url":"https:\/\/elingea.com\/product\/asparagus-sauce-with-mushrooms-saffron-green-pepper-and-lemon-zest\/","name":"Asparagus sauce with mushrooms, saffron, green pepper and lemon zest - Elingea","isPartOf":{"@id":"https:\/\/elingea.com\/#website"},"primaryImageOfPage":{"@id":"https:\/\/elingea.com\/product\/asparagus-sauce-with-mushrooms-saffron-green-pepper-and-lemon-zest\/#primaryimage"},"image":{"@id":"https:\/\/elingea.com\/product\/asparagus-sauce-with-mushrooms-saffron-green-pepper-and-lemon-zest\/#primaryimage"},"thumbnailUrl":"https:\/\/elingea.com\/wp-content\/uploads\/2024\/03\/elingea-blue.jpg","datePublished":"2025-06-18T14:23:56+00:00","dateModified":"2025-07-07T09:51:19+00:00","breadcrumb":{"@id":"https:\/\/elingea.com\/product\/asparagus-sauce-with-mushrooms-saffron-green-pepper-and-lemon-zest\/#breadcrumb"},"inLanguage":"fr-FR","potentialAction":[{"@type":"ReadAction","target":["https:\/\/elingea.com\/product\/asparagus-sauce-with-mushrooms-saffron-green-pepper-and-lemon-zest\/"]}]},{"@type":"ImageObject","inLanguage":"fr-FR","@id":"https:\/\/elingea.com\/product\/asparagus-sauce-with-mushrooms-saffron-green-pepper-and-lemon-zest\/#primaryimage","url":"https:\/\/elingea.com\/wp-content\/uploads\/2024\/03\/elingea-blue.jpg","contentUrl":"https:\/\/elingea.com\/wp-content\/uploads\/2024\/03\/elingea-blue.jpg","width":1000,"height":1000},{"@type":"BreadcrumbList","@id":"https:\/\/elingea.com\/product\/asparagus-sauce-with-mushrooms-saffron-green-pepper-and-lemon-zest\/#breadcrumb","itemListElement":[{"@type":"ListItem","position":1,"name":"Home","item":"https:\/\/elingea.com\/"},{"@type":"ListItem","position":2,"name":"Shop","item":"https:\/\/elingea.com\/?page_id=133"},{"@type":"ListItem","position":3,"name":"Asparagus sauce with mushrooms, saffron, green pepper and lemon zest"}]},{"@type":"WebSite","@id":"https:\/\/elingea.com\/#website","url":"https:\/\/elingea.com\/","name":"Elingea","description":"Mediterranean Natural Products","potentialAction":[{"@type":"SearchAction","target":{"@type":"EntryPoint","urlTemplate":"https:\/\/elingea.com\/?s={search_term_string}"},"query-input":{"@type":"PropertyValueSpecification","valueRequired":true,"valueName":"search_term_string"}}],"inLanguage":"fr-FR"}]}},"_links":{"self":[{"href":"https:\/\/elingea.com\/fr\/wp-json\/wp\/v2\/product\/727","targetHints":{"allow":["GET"]}}],"collection":[{"href":"https:\/\/elingea.com\/fr\/wp-json\/wp\/v2\/product"}],"about":[{"href":"https:\/\/elingea.com\/fr\/wp-json\/wp\/v2\/types\/product"}],"replies":[{"embeddable":true,"href":"https:\/\/elingea.com\/fr\/wp-json\/wp\/v2\/comments?post=727"}],"wp:featuredmedia":[{"embeddable":true,"href":"https:\/\/elingea.com\/fr\/wp-json\/wp\/v2\/media\/761"}],"wp:attachment":[{"href":"https:\/\/elingea.com\/fr\/wp-json\/wp\/v2\/media?parent=727"}],"wp:term":[{"taxonomy":"product_brand","embeddable":true,"href":"https:\/\/elingea.com\/fr\/wp-json\/wp\/v2\/product_brand?post=727"},{"taxonomy":"product_cat","embeddable":true,"href":"https:\/\/elingea.com\/fr\/wp-json\/wp\/v2\/product_cat?post=727"},{"taxonomy":"product_tag","embeddable":true,"href":"https:\/\/elingea.com\/fr\/wp-json\/wp\/v2\/product_tag?post=727"}],"curies":[{"name":"wp","href":"https:\/\/api.w.org\/{rel}","templated":true}]}}