{"id":135,"date":"2024-03-20T16:36:39","date_gmt":"2024-03-20T16:36:39","guid":{"rendered":"https:\/\/dummy.xtemos.com\/woodmart2\/farm\/?page_id=17"},"modified":"2025-07-01T07:40:28","modified_gmt":"2025-07-01T07:40:28","slug":"about-us","status":"publish","type":"page","link":"https:\/\/elingea.com\/fr\/about-us\/","title":{"rendered":"\u00c0 propos de nous"},"content":{"rendered":"<div class=\"wpb-content-wrapper\"><div data-vc-full-width=\"true\" data-vc-full-width-init=\"false\" data-vc-stretch-content=\"true\" class=\"vc_row wpb_row vc_row-fluid vc_custom_1747829868647 vc_row-no-padding wd-rs-682dc464be126 wd-section-stretch-content-no-pd\"><div class=\"wpb_column vc_column_container vc_col-sm-12\"><div class=\"vc_column-inner\"><div class=\"wpb_wrapper\">\n\t\t\t\t<p class=\"rs-p-wp-fix\"><\/p>\n\t\t\t\t<sr7-module data-alias=\"slider-1-1\" data-id=\"2\" id=\"SR7_2_1\" class=\"rs-ov-hidden\" data-version=\"6.7.31\">\n\t\t\t\t\t<sr7-adjuster><\/sr7-adjuster>\n\t\t\t\t\t<sr7-content>\n\t\t\t\t\t\t<sr7-slide id=\"SR7_2_1-3\" data-key=\"3\">\n\t\t\t\t\t\t<\/sr7-slide>\n\t\t\t\t\t\t<sr7-slide id=\"SR7_2_1-4\" data-key=\"4\">\n\t\t\t\t\t\t<\/sr7-slide>\n\t\t\t\t\t<\/sr7-content>\n\t\t\t\t<\/sr7-module>\n\t\t\t\t<script>\n\t\t\t\t\tSR7.PMH ??={}; SR7.PMH[\"SR7_2_1\"] = {cn:100,state:false,fn: function() { if (_tpt!==undefined && _tpt.prepareModuleHeight !== undefined) {  _tpt.prepareModuleHeight({id:\"SR7_2_1\",el:[900,900,768,960,720],type:'standard',shdw:'0',gh:[900,900,743,565,349],gw:[1240,1240,1024,778,480],vpt:['-100px'],size:{fullWidth:true, fullHeight:false},mh:'0',onh:0,onw:0,bg:{color:'{\"orig\":\"transparent\",\"type\":\"solid\",\"string\":\"transparent\"}'}});   SR7.PMH[\"SR7_2_1\"].state=true;} else if(SR7.PMH[\"SR7_2_1\"].cn-->0)\tsetTimeout( SR7.PMH[\"SR7_2_1\"].fn,19);}};SR7.PMH[\"SR7_2_1\" ].fn();\n\t\t\t\t<\/script>\n<\/div><\/div><\/div><\/div><div class=\"vc_row-full-width vc_clearfix\"><\/div><div class=\"vc_row wpb_row vc_row-fluid vc_custom_1695301022139 wd-z-index wd-rs-650c3d9715a50\"><div class=\"wpb_column vc_column_container vc_col-sm-12 vc_col-lg-5 vc_col-md-6 wd-rs-650c3c5bef867\"><div class=\"vc_column-inner vc_custom_1695300704073\"><div class=\"wpb_wrapper\">\n\t<div  class=\"wpb_single_image wpb_content_element vc_align_left\">\n\t\t\n\t\t<figure class=\"wpb_wrapper vc_figure\">\n\t\t\t<div class=\"vc_single_image-wrapper   vc_box_border_grey\"><img loading=\"lazy\" decoding=\"async\" width=\"150\" height=\"150\" src=\"https:\/\/elingea.com\/wp-content\/uploads\/2025\/05\/fav-icon-SOCIAL_ELINGEA_Apr25-150x150.png\" class=\"vc_single_image-img attachment-thumbnail\" alt=\"\" title=\"fav icon SOCIAL_ELINGEA_Apr25\" srcset=\"https:\/\/elingea.com\/wp-content\/uploads\/2025\/05\/fav-icon-SOCIAL_ELINGEA_Apr25-150x150.png 150w, https:\/\/elingea.com\/wp-content\/uploads\/2025\/05\/fav-icon-SOCIAL_ELINGEA_Apr25-600x600.png 600w, https:\/\/elingea.com\/wp-content\/uploads\/2025\/05\/fav-icon-SOCIAL_ELINGEA_Apr25-1200x1200.png 1200w, https:\/\/elingea.com\/wp-content\/uploads\/2025\/05\/fav-icon-SOCIAL_ELINGEA_Apr25-300x300.png 300w, https:\/\/elingea.com\/wp-content\/uploads\/2025\/05\/fav-icon-SOCIAL_ELINGEA_Apr25-1024x1024.png 1024w, https:\/\/elingea.com\/wp-content\/uploads\/2025\/05\/fav-icon-SOCIAL_ELINGEA_Apr25-768x768.png 768w, https:\/\/elingea.com\/wp-content\/uploads\/2025\/05\/fav-icon-SOCIAL_ELINGEA_Apr25-1536x1536.png 1536w, https:\/\/elingea.com\/wp-content\/uploads\/2025\/05\/fav-icon-SOCIAL_ELINGEA_Apr25-2048x2048.png 2048w\" sizes=\"auto, (max-width: 150px) 100vw, 150px\" \/><\/div>\n\t\t<\/figure>\n\t<\/div>\n\n\t\t<div id=\"wd-6863904a6e66e\" class=\"title-wrapper wd-wpb wd-set-mb reset-last-child  wd-rs-6863904a6e66e wd-title-color-default wd-title-style-default text-left vc_custom_1751355473156 wd-width-custom wd-underline-colored\">\n\t\t\t\n\t\t\t<div class=\"liner-continer\">\n\t\t\t\t<h4 class=\"woodmart-title-container title  wd-font-weight- wd-fontsize-l\" >Notre philosophie<\/h4>\n\t\t\t\t\t\t\t<\/div>\n\t\t\t\n\t\t\t\n\t\t\t\n\t\t<\/div>\n\t\t\n\t\t\t\t<div id=\"wd-6863905804275\" class=\"wd-text-block wd-wpb reset-last-child wd-rs-6863905804275 text-left wd-width-custom\">\n\t\t\t<p style=\"text-align: justify;\">Notre philosophie repose sur l\u2019offre de produits grecs d\u2019excellente qualit\u00e9, avec un engagement constant envers l\u2019innovation et l\u2019am\u00e9lioration continue.<\/p>\n<p style=\"text-align: justify;\">Tous les ingr\u00e9dients de nos produits ont \u00e9t\u00e9 s\u00e9lectionn\u00e9s selon des crit\u00e8res stricts pour garantir la plus haute qualit\u00e9 possible. La pasteurisation neutralise tout organisme pathog\u00e8ne potentiel tout en pr\u00e9servant les caract\u00e9ristiques organoleptiques et nutritionnelles des produits.<\/p>\n<p style=\"text-align: justify;\">Cette m\u00e9thode de traitement sp\u00e9cifique permet une conservation s\u00fbre jusqu'\u00e0 deux ans sans alt\u00e9ration ni perte de composition ni de qualit\u00e9.<\/p>\n\t\t<\/div>\n\t\t<\/div><\/div><\/div><div class=\"wpb_column vc_column_container vc_col-sm-12 vc_col-lg-offset-1 vc_col-lg-6 vc_col-md-6 wd-rs-650c3c615eb7c\"><div class=\"vc_column-inner vc_custom_1695300718552\"><div class=\"wpb_wrapper\">\t\t<div class=\"wd-el-video wd-wpb wd-rs-682ccd07d9a35 wd-action-without wd-video-hosted vc_custom_1747766557109\">\n\t\t\t\t\t\t\t<video src=\"https:\/\/elingea.com\/wp-content\/uploads\/2025\/05\/COM-\u0391\u03bd\u03ce\u03bd\u03c5\u03bc\u03bf-\u03c3\u03c7\u03ad\u03b4\u03b9\u03bf.mp4\" playsinline loop muted autoplay poster=\"\"><\/video>\t\t\t\n\t\t\t\n\t\t\t\n\t\t\t\t\t<\/div>\n\t\t<\/div><\/div><\/div><\/div><div class=\"vc_row wpb_row vc_row-fluid vc_custom_1695300775137 vc_row-has-fill wd-disable-overflow wd-rs-650c3c9e95767 wd-section-stretch-content\"><div class=\"wpb_column vc_column_container vc_col-sm-12 wd-rs-650ae2ff3d289\"><div class=\"vc_column-inner vc_custom_1695212291692\"><div class=\"wpb_wrapper\">\t\t<div id=\"gallery_363\" class=\"wd-images-gallery wd-wpb wd-rs-6841919a824da wd-off-anim wpb_animate_when_almost_visible wpb_fadeIn fadeIn wd-anim-name_fadeIn vc_custom_1749127637850 wd-carousel-container wd-wpb\" style=\"--wd-justify-content:center;--wd-align-items:center;\">\n\t\t\t\t\t\t\t<div class=\"wd-carousel-inner\">\n\t\t\t\n\t\t\t<div class=\"wd-carousel wd-grid\"data-scroll_per_page=\"yes\" style=\"--wd-col-lg:5;--wd-col-md:4;--wd-col-sm:2;--wd-gap-lg:30px;--wd-gap-sm:10px;\">\n\t\t\t\t\t\t\t\t\t<div class=\"wd-carousel-wrap\">\n\t\t\t\t\n\t\t\t\t\t\t\t\t\t\t\t\t\t\t\t<div class=\"wd-gallery-item wd-carousel-item\">\n\t\t\t\t\t\t\t\n\t\t\t\t\t\t\t\t<img loading=\"lazy\" decoding=\"async\" width=\"724\" height=\"1119\" src=\"https:\/\/elingea.com\/wp-content\/uploads\/2025\/05\/web-about-01.jpg\" class=\"wd-gallery-image image-1\" alt=\"asparagus elingea\" srcset=\"https:\/\/elingea.com\/wp-content\/uploads\/2025\/05\/web-about-01.jpg 724w, https:\/\/elingea.com\/wp-content\/uploads\/2025\/05\/web-about-01-194x300.jpg 194w, https:\/\/elingea.com\/wp-content\/uploads\/2025\/05\/web-about-01-663x1024.jpg 663w, https:\/\/elingea.com\/wp-content\/uploads\/2025\/05\/web-about-01-150x232.jpg 150w\" sizes=\"auto, (max-width: 724px) 100vw, 724px\" \/>\n\t\t\t\t\t\t\t\t\t\t\t\t\t\t<\/div>\n\t\t\t\t\t\t\t\t\t\t\t<div class=\"wd-gallery-item wd-carousel-item\">\n\t\t\t\t\t\t\t\n\t\t\t\t\t\t\t\t<img loading=\"lazy\" decoding=\"async\" width=\"724\" height=\"880\" src=\"https:\/\/elingea.com\/wp-content\/uploads\/2025\/05\/web-about-02.jpg\" class=\"wd-gallery-image image-2\" alt=\"asparagus elingea\" srcset=\"https:\/\/elingea.com\/wp-content\/uploads\/2025\/05\/web-about-02.jpg 724w, https:\/\/elingea.com\/wp-content\/uploads\/2025\/05\/web-about-02-247x300.jpg 247w, https:\/\/elingea.com\/wp-content\/uploads\/2025\/05\/web-about-02-150x182.jpg 150w\" sizes=\"auto, (max-width: 724px) 100vw, 724px\" \/>\n\t\t\t\t\t\t\t\t\t\t\t\t\t\t<\/div>\n\t\t\t\t\t\t\t\t\t\t\t<div class=\"wd-gallery-item wd-carousel-item\">\n\t\t\t\t\t\t\t\n\t\t\t\t\t\t\t\t<img loading=\"lazy\" decoding=\"async\" width=\"723\" height=\"1120\" src=\"https:\/\/elingea.com\/wp-content\/uploads\/2025\/05\/web-about-03.jpg\" class=\"wd-gallery-image image-3\" alt=\"asparagus elingea\" srcset=\"https:\/\/elingea.com\/wp-content\/uploads\/2025\/05\/web-about-03.jpg 723w, https:\/\/elingea.com\/wp-content\/uploads\/2025\/05\/web-about-03-194x300.jpg 194w, https:\/\/elingea.com\/wp-content\/uploads\/2025\/05\/web-about-03-661x1024.jpg 661w, https:\/\/elingea.com\/wp-content\/uploads\/2025\/05\/web-about-03-150x232.jpg 150w\" sizes=\"auto, (max-width: 723px) 100vw, 723px\" \/>\n\t\t\t\t\t\t\t\t\t\t\t\t\t\t<\/div>\n\t\t\t\t\t\t\t\t\t\t\t<div class=\"wd-gallery-item wd-carousel-item\">\n\t\t\t\t\t\t\t\n\t\t\t\t\t\t\t\t<img loading=\"lazy\" decoding=\"async\" width=\"724\" height=\"880\" src=\"https:\/\/elingea.com\/wp-content\/uploads\/2025\/06\/web-elingea-about-us.jpg\" class=\"wd-gallery-image image-4\" alt=\"\" srcset=\"https:\/\/elingea.com\/wp-content\/uploads\/2025\/06\/web-elingea-about-us.jpg 724w, https:\/\/elingea.com\/wp-content\/uploads\/2025\/06\/web-elingea-about-us-247x300.jpg 247w, https:\/\/elingea.com\/wp-content\/uploads\/2025\/06\/web-elingea-about-us-150x182.jpg 150w\" sizes=\"auto, (max-width: 724px) 100vw, 724px\" \/>\n\t\t\t\t\t\t\t\t\t\t\t\t\t\t<\/div>\n\t\t\t\t\t\t\t\t\t\t\t<div class=\"wd-gallery-item wd-carousel-item\">\n\t\t\t\t\t\t\t\n\t\t\t\t\t\t\t\t<img loading=\"lazy\" decoding=\"async\" width=\"724\" height=\"880\" src=\"https:\/\/elingea.com\/wp-content\/uploads\/2025\/05\/web-about-04.jpg\" class=\"wd-gallery-image image-5\" alt=\"asparagus elingea\" srcset=\"https:\/\/elingea.com\/wp-content\/uploads\/2025\/05\/web-about-04.jpg 724w, https:\/\/elingea.com\/wp-content\/uploads\/2025\/05\/web-about-04-247x300.jpg 247w, https:\/\/elingea.com\/wp-content\/uploads\/2025\/05\/web-about-04-150x182.jpg 150w\" sizes=\"auto, (max-width: 724px) 100vw, 724px\" \/>\n\t\t\t\t\t\t\t\t\t\t\t\t\t\t<\/div>\n\t\t\t\t\t\t\t\t\t\n\t\t\t\t\t\t\t\t\t<\/div>\n\t\t\t\t\t\t\t<\/div>\n\n\t\t\t\t\t\t\t\t\t\t\t\t\t\t<div class=\"wd-nav-arrows wd-pos-sep wd-hover-1 wd-icon-1\">\n\t\t\t<div class=\"wd-btn-arrow wd-prev wd-disabled\">\n\t\t\t\t<div class=\"wd-arrow-inner\"><\/div>\n\t\t\t<\/div>\n\t\t\t<div class=\"wd-btn-arrow wd-next\">\n\t\t\t\t<div class=\"wd-arrow-inner\"><\/div>\n\t\t\t<\/div>\n\t\t<\/div>\n\t\t\t\t\t\t\n\t\t\t\t<\/div>\n\n\t\t\t\t\t\t\t\t\t\t\t\t\t<\/div>\n\t\t<\/div><\/div><\/div><\/div><div class=\"vc_row wpb_row vc_row-fluid vc_custom_1695300796429 vc_row-has-fill wd-disable-overflow wd-rs-650c3cb4e372f wd-section-stretch-content-no-pd\"><div class=\"wpb_column vc_column_container vc_col-sm-12 wd-rs-650ae2ff3d289\"><div class=\"vc_column-inner vc_custom_1695212291692\"><div class=\"wpb_wrapper\">\t\t\t<div id=\"wd-6863908e2c673\" class=\"wd-marquee-wrapp  wd-rs-6863908e2c673\">\n\t\t\t\t<div class=\"wd-marquee wd-with-pause\">\n\t\t\t\t\t<div class=\"wd-marquee-content\">\n\t\t\t\t\t\t\t\t\t<span class=\"wd-marquee-item\">\n\t\t\t\t\n\t\t\t\t\t\t\t\t\tLe go\u00fbt de la Gr\u00e8ce, comme il se doit : naturel, pur, exceptionnel.\t\t\t\t\n\t\t\t\t\t\t\t<\/span>\n\t\t\t\t\t\t\t\t<\/div>\n\t\t\t\t\t<div class=\"wd-marquee-content\">\n\t\t\t\t\t\t\t\t\t<span class=\"wd-marquee-item\">\n\t\t\t\t\n\t\t\t\t\t\t\t\t\tLe go\u00fbt de la Gr\u00e8ce, comme il se doit : naturel, pur, exceptionnel.\t\t\t\t\n\t\t\t\t\t\t\t<\/span>\n\t\t\t\t\t\t\t\t<\/div>\n\t\t\t\t<\/div>\n\t\t\t<\/div>\n\t\t<\/div><\/div><\/div><\/div><div class=\"vc_row wpb_row vc_row-fluid vc_custom_1695214062464 vc_row-o-content-bottom vc_row-flex wd-rs-650ae9e54d317\"><div class=\"wpb_column vc_column_container vc_col-sm-12 vc_col-lg-6 vc_col-md-6 wd-rs-650c3cd9bd634\"><div class=\"vc_column-inner vc_custom_1695300834933\"><div class=\"wpb_wrapper\">\n\t<div  class=\"wpb_single_image wpb_content_element vc_align_left\">\n\t\t\n\t\t<figure class=\"wpb_wrapper vc_figure\">\n\t\t\t<div class=\"vc_single_image-wrapper   vc_box_border_grey\"><img loading=\"lazy\" decoding=\"async\" width=\"150\" height=\"150\" src=\"https:\/\/elingea.com\/wp-content\/uploads\/2025\/05\/fav-icon-3-SOCIAL_ELINGEA_Apr25-150x150.png\" class=\"vc_single_image-img attachment-thumbnail\" alt=\"\" title=\"fav icon 3 SOCIAL_ELINGEA_Apr25\" srcset=\"https:\/\/elingea.com\/wp-content\/uploads\/2025\/05\/fav-icon-3-SOCIAL_ELINGEA_Apr25-150x150.png 150w, https:\/\/elingea.com\/wp-content\/uploads\/2025\/05\/fav-icon-3-SOCIAL_ELINGEA_Apr25-600x600.png 600w, https:\/\/elingea.com\/wp-content\/uploads\/2025\/05\/fav-icon-3-SOCIAL_ELINGEA_Apr25-1200x1200.png 1200w, https:\/\/elingea.com\/wp-content\/uploads\/2025\/05\/fav-icon-3-SOCIAL_ELINGEA_Apr25-300x300.png 300w, https:\/\/elingea.com\/wp-content\/uploads\/2025\/05\/fav-icon-3-SOCIAL_ELINGEA_Apr25-1024x1024.png 1024w, https:\/\/elingea.com\/wp-content\/uploads\/2025\/05\/fav-icon-3-SOCIAL_ELINGEA_Apr25-768x768.png 768w, https:\/\/elingea.com\/wp-content\/uploads\/2025\/05\/fav-icon-3-SOCIAL_ELINGEA_Apr25-1536x1536.png 1536w, https:\/\/elingea.com\/wp-content\/uploads\/2025\/05\/fav-icon-3-SOCIAL_ELINGEA_Apr25-2048x2048.png 2048w\" sizes=\"auto, (max-width: 150px) 100vw, 150px\" \/><\/div>\n\t\t<\/figure>\n\t<\/div>\n\n\t\t<div id=\"wd-686390a570310\" class=\"title-wrapper wd-wpb wd-set-mb reset-last-child  wd-rs-686390a570310 wd-title-color-default wd-title-style-default text-left vc_custom_1751355569095 wd-width-custom wd-underline-colored\">\n\t\t\t\n\t\t\t<div class=\"liner-continer\">\n\t\t\t\t<h4 class=\"woodmart-title-container title  wd-font-weight- wd-fontsize-l\" >La terre grecque cultive la qualit\u00e9 ; nous la partageons avec le monde entier!<\/h4>\n\t\t\t\t\t\t\t<\/div>\n\t\t\t\n\t\t\t\n\t\t\t\n\t\t<\/div>\n\t\t\n\t\t\t\t<div id=\"wd-686390ba2f29b\" class=\"wd-text-block wd-wpb reset-last-child wd-rs-686390ba2f29b text-left wd-width-custom vc_custom_1751355590708\">\n\t\t\t<p style=\"text-align: justify;\">Au c\u0153ur de la Mac\u00e9doine centrale, nous offrons une combinaison rare de biodiversit\u00e9 riche, de climat ensoleill\u00e9 et de sols fertiles. C'est cette combinaison, associ\u00e9e au microclimat de la r\u00e9gion, qui fait la particularit\u00e9 des asperges grecques : croquantes, aromatiques, savoureuses et riches en nutriments.<\/p>\n\t\t<\/div>\n\t\t<\/div><\/div><\/div><div class=\"wpb_column vc_column_container vc_col-sm-12 vc_col-lg-6 vc_col-md-6 wd-rs-650c3cf5685bc\"><div class=\"vc_column-inner vc_custom_1695300858642\"><div class=\"wpb_wrapper\"><div class=\"vc_row wpb_row vc_inner vc_row-fluid vc_custom_1695213454834 wd-rs-650ae787840f7\"><div class=\"wpb_column vc_column_container vc_col-sm-6 wd-rs-650c3dd7802be\"><div class=\"vc_column-inner vc_custom_1695301082942\"><div class=\"wpb_wrapper\">\t\t<div id=\"wd-684191de730c7\" class=\"wd-image wd-wpb wd-rs-684191de730c7 text-left vc_custom_1749127657674\">\n\t\t\t\n\t\t\t<img loading=\"lazy\" decoding=\"async\" width=\"724\" height=\"1120\" src=\"https:\/\/elingea.com\/wp-content\/uploads\/2025\/05\/web-about-05.jpg\" class=\"attachment-full size-full\" alt=\"asparagus elingea\" srcset=\"https:\/\/elingea.com\/wp-content\/uploads\/2025\/05\/web-about-05.jpg 724w, https:\/\/elingea.com\/wp-content\/uploads\/2025\/05\/web-about-05-194x300.jpg 194w, https:\/\/elingea.com\/wp-content\/uploads\/2025\/05\/web-about-05-662x1024.jpg 662w, https:\/\/elingea.com\/wp-content\/uploads\/2025\/05\/web-about-05-150x232.jpg 150w\" sizes=\"auto, (max-width: 724px) 100vw, 724px\" \/>\n\t\t\t\t\t<\/div>\n\t\t<\/div><\/div><\/div><div class=\"wpb_column vc_column_container vc_col-sm-6 wd-rs-650c3dcbd9b1d\"><div class=\"vc_column-inner vc_custom_1695301072864\"><div class=\"wpb_wrapper\">\t\t<div id=\"wd-682ccf5f74763\" class=\"wd-image wd-wpb wd-rs-682ccf5f74763 text-left vc_custom_1747767149336\">\n\t\t\t\n\t\t\t<img loading=\"lazy\" decoding=\"async\" width=\"946\" height=\"946\" src=\"https:\/\/elingea.com\/wp-content\/uploads\/2025\/05\/fav-final-LOGO.png\" class=\"attachment-full size-full\" alt=\"\" srcset=\"https:\/\/elingea.com\/wp-content\/uploads\/2025\/05\/fav-final-LOGO.png 946w, https:\/\/elingea.com\/wp-content\/uploads\/2025\/05\/fav-final-LOGO-600x600.png 600w, https:\/\/elingea.com\/wp-content\/uploads\/2025\/05\/fav-final-LOGO-150x150.png 150w, https:\/\/elingea.com\/wp-content\/uploads\/2025\/05\/fav-final-LOGO-300x300.png 300w, https:\/\/elingea.com\/wp-content\/uploads\/2025\/05\/fav-final-LOGO-768x768.png 768w\" sizes=\"auto, (max-width: 946px) 100vw, 946px\" \/>\n\t\t\t\t\t<\/div>\n\t\t<\/div><\/div><\/div><\/div><\/div><\/div><\/div><\/div><div class=\"vc_row wpb_row vc_row-fluid vc_custom_1695214313079 wd-rs-650aeae02d397\"><div class=\"wpb_column vc_column_container vc_col-sm-12 vc_hidden-lg vc_hidden-md vc_hidden-sm vc_hidden-xs wd-rs-682ccec51c354\"><div class=\"vc_column-inner vc_custom_1747766988506\"><div class=\"wpb_wrapper\">\t\t\t<div id=\"carousel-433\" class=\"wd-carousel-container info-box-carousel-wrapper wd-wpb   wd-rs-65f1ba6422555\">\n\t\t\t\t<div class=\"wd-carousel-inner\">\n\t\t\t\t\t<div class=\"wd-carousel wd-grid info-box-carousel\" data-scroll_per_page=\"yes\" style=\"--wd-col-lg:3;--wd-col-md:2;--wd-col-sm:1;--wd-gap-lg:30px;--wd-gap-sm:10px;\">\n\t\t\t\t\t\t<div class=\"wd-carousel-wrap\">\n\t\t\t\t\t\t\t\t\t\t<div class=\"info-box-wrapper wd-carousel-item\">\n\t\t\t\t<div id=\"wd-65fc2635c2433\" class=\"wd-rs-65fc2635c2433 wd-info-box wd-wpb text-center box-icon-align-top box-style- color-scheme- wd-bg-none vc_custom_1711023684717\">\n\t\t\t\t\t\t\t\t\t\t\t<div class=\"box-icon-wrapper  box-with-icon box-icon-simple\">\n\t\t\t\t\t\t\t<div class=\"info-box-icon\">\n\n\t\t\t\t\t\t\t\n\t\t\t\t\t\t\t\t\t\t\t\t\t\t\t\t\t\t\t\t\t\t\t\t\t\t\t\t\t\t\t\t\n\t\t\t\t\t\t\t<\/div>\n\t\t\t\t\t\t<\/div>\n\t\t\t\t\t\t\t\t\t\t<div class=\"info-box-content\">\n\t\t\t\t\t\t<h4 class=\"info-box-title title box-title-style-default wd-fontsize-xl\">Organic<\/h4>\t\t\t\t\t\t<div class=\"info-box-inner reset-last-child\"><p>The process of storing and ripening the cheese in equipped ripening chambers with constant humidity.<\/p>\n<\/div>\n\n\t\t\t\t\t\t\t\t\t\t\t<\/div>\n\n\t\t\t\t\t\n\t\t\t\t\t\t\t\t\t<\/div>\n\t\t\t<\/div>\n\t\t\t\t\t<div class=\"info-box-wrapper wd-carousel-item\">\n\t\t\t\t<div id=\"wd-65fc264680235\" class=\"wd-rs-65fc264680235 wd-info-box wd-wpb text-center box-icon-align-top box-style- color-scheme- wd-bg-none vc_custom_1711023694487\">\n\t\t\t\t\t\t\t\t\t\t\t<div class=\"box-icon-wrapper  box-with-icon box-icon-simple\">\n\t\t\t\t\t\t\t<div class=\"info-box-icon\">\n\n\t\t\t\t\t\t\t\n\t\t\t\t\t\t\t\t\t\t\t\t\t\t\t\t\t\t\t\t\t\t\t\t\t\t\t\t\t\t\t\t\n\t\t\t\t\t\t\t<\/div>\n\t\t\t\t\t\t<\/div>\n\t\t\t\t\t\t\t\t\t\t<div class=\"info-box-content\">\n\t\t\t\t\t\t<h4 class=\"info-box-title title box-title-style-default wd-fontsize-xl\">Handmade<\/h4>\t\t\t\t\t\t<div class=\"info-box-inner reset-last-child\"><p>It&#8217;s unreal, uncanny, makes you wonder if something is wrong, it seems to seek your attention for all.<\/p>\n<\/div>\n\n\t\t\t\t\t\t\t\t\t\t\t<\/div>\n\n\t\t\t\t\t\n\t\t\t\t\t\t\t\t\t<\/div>\n\t\t\t<\/div>\n\t\t\t\t\t<div class=\"info-box-wrapper wd-carousel-item\">\n\t\t\t\t<div id=\"wd-65fc26500e1a1\" class=\"wd-rs-65fc26500e1a1 wd-info-box wd-wpb text-center box-icon-align-top box-style- color-scheme- wd-bg-none vc_custom_1711023703748\">\n\t\t\t\t\t\t\t\t\t\t\t<div class=\"box-icon-wrapper  box-with-icon box-icon-simple\">\n\t\t\t\t\t\t\t<div class=\"info-box-icon\">\n\n\t\t\t\t\t\t\t\n\t\t\t\t\t\t\t\t\t\t\t\t\t\t\t\t\t\t\t\t\t\t\t\t\t\t\t\t\t\t\t\t\n\t\t\t\t\t\t\t<\/div>\n\t\t\t\t\t\t<\/div>\n\t\t\t\t\t\t\t\t\t\t<div class=\"info-box-content\">\n\t\t\t\t\t\t<h4 class=\"info-box-title title box-title-style-default wd-fontsize-xl\">Healthy Food<\/h4>\t\t\t\t\t\t<div class=\"info-box-inner reset-last-child\"><p>A client that&#8217;s unhappy for a reason is a problem, a client that&#8217;s unhappy though he or her can&#8217;t quite is worse.<\/p>\n<\/div>\n\n\t\t\t\t\t\t\t\t\t\t\t<\/div>\n\n\t\t\t\t\t\n\t\t\t\t\t\t\t\t\t<\/div>\n\t\t\t<\/div>\n\t\t\t\t\t\t\t\t<\/div>\n\t\t\t\t\t<\/div>\n\n\t\t\t\t\t\t\t\t\t\t\t\t\t<div class=\"wd-nav-arrows wd-pos-sep wd-hover-1 wd-icon-1\">\n\t\t\t<div class=\"wd-btn-arrow wd-prev wd-disabled\">\n\t\t\t\t<div class=\"wd-arrow-inner\"><\/div>\n\t\t\t<\/div>\n\t\t\t<div class=\"wd-btn-arrow wd-next\">\n\t\t\t\t<div class=\"wd-arrow-inner\"><\/div>\n\t\t\t<\/div>\n\t\t<\/div>\n\t\t\t\t\t\t\t\t\t\t\t<\/div>\n\n\t\t\t\t\t\t\t\t\t\t\t<\/div>\n\t\t<\/div><\/div><\/div><\/div><div class=\"vc_row wpb_row vc_row-fluid\"><div class=\"wpb_column vc_column_container vc_col-sm-12\"><div class=\"vc_column-inner\"><div class=\"wpb_wrapper\"><div id=\"wd-686390ce2666f\" class=\"wd-rs-686390ce2666f vc_custom_1751355622993 wd-button-wrapper text-center wd-collapsible-button\"><a href=\"https:\/\/elingea.com\/fr\/our-products\/\" title=\"\" style=\"--btn-color:#fff;\" class=\"btn btn-style-default btn-shape-semi-round btn-size-extra-large\">Consultez nos produits<\/a><\/div><\/div><\/div><\/div><\/div>\n<\/div>","protected":false},"excerpt":{"rendered":"Our philosophy Our philosophy is based on offering Greek products of excellent quality, with a steady commitment to innovation and","protected":false},"author":1,"featured_media":0,"parent":0,"menu_order":0,"comment_status":"closed","ping_status":"closed","template":"","meta":{"footnotes":""},"class_list":["post-135","page","type-page","status-publish","hentry"],"yoast_head":"<!-- This site is optimized with the Yoast SEO plugin v25.7 - https:\/\/yoast.com\/wordpress\/plugins\/seo\/ -->\n<title>About Us - Elingea<\/title>\n<meta name=\"robots\" content=\"index, follow, max-snippet:-1, max-image-preview:large, max-video-preview:-1\" \/>\n<link rel=\"canonical\" href=\"https:\/\/elingea.com\/fr\/about-us\/\" \/>\n<meta property=\"og:locale\" content=\"fr_FR\" \/>\n<meta property=\"og:type\" content=\"article\" \/>\n<meta property=\"og:title\" content=\"About Us - Elingea\" \/>\n<meta property=\"og:url\" content=\"https:\/\/elingea.com\/fr\/about-us\/\" \/>\n<meta property=\"og:site_name\" content=\"Elingea\" \/>\n<meta property=\"article:modified_time\" content=\"2025-07-01T07:40:28+00:00\" \/>\n<meta name=\"twitter:card\" content=\"summary_large_image\" \/>\n<meta name=\"twitter:label1\" content=\"Dur\u00e9e de lecture estim\u00e9e\" \/>\n\t<meta name=\"twitter:data1\" content=\"18 minutes\" \/>\n<script type=\"application\/ld+json\" class=\"yoast-schema-graph\">{\"@context\":\"https:\/\/schema.org\",\"@graph\":[{\"@type\":\"WebPage\",\"@id\":\"https:\/\/elingea.com\/about-us\/\",\"url\":\"https:\/\/elingea.com\/about-us\/\",\"name\":\"About Us - Elingea\",\"isPartOf\":{\"@id\":\"https:\/\/elingea.com\/#website\"},\"datePublished\":\"2024-03-20T16:36:39+00:00\",\"dateModified\":\"2025-07-01T07:40:28+00:00\",\"breadcrumb\":{\"@id\":\"https:\/\/elingea.com\/about-us\/#breadcrumb\"},\"inLanguage\":\"fr-FR\",\"potentialAction\":[{\"@type\":\"ReadAction\",\"target\":[\"https:\/\/elingea.com\/about-us\/\"]}]},{\"@type\":\"BreadcrumbList\",\"@id\":\"https:\/\/elingea.com\/about-us\/#breadcrumb\",\"itemListElement\":[{\"@type\":\"ListItem\",\"position\":1,\"name\":\"Home\",\"item\":\"https:\/\/elingea.com\/\"},{\"@type\":\"ListItem\",\"position\":2,\"name\":\"About Us\"}]},{\"@type\":\"WebSite\",\"@id\":\"https:\/\/elingea.com\/#website\",\"url\":\"https:\/\/elingea.com\/\",\"name\":\"Elingea\",\"description\":\"Mediterranean Natural Products\",\"potentialAction\":[{\"@type\":\"SearchAction\",\"target\":{\"@type\":\"EntryPoint\",\"urlTemplate\":\"https:\/\/elingea.com\/?s={search_term_string}\"},\"query-input\":{\"@type\":\"PropertyValueSpecification\",\"valueRequired\":true,\"valueName\":\"search_term_string\"}}],\"inLanguage\":\"fr-FR\"}]}<\/script>\n<!-- \/ Yoast SEO plugin. -->","yoast_head_json":{"title":"About Us - Elingea","robots":{"index":"index","follow":"follow","max-snippet":"max-snippet:-1","max-image-preview":"max-image-preview:large","max-video-preview":"max-video-preview:-1"},"canonical":"https:\/\/elingea.com\/fr\/about-us\/","og_locale":"fr_FR","og_type":"article","og_title":"About Us - Elingea","og_url":"https:\/\/elingea.com\/fr\/about-us\/","og_site_name":"Elingea","article_modified_time":"2025-07-01T07:40:28+00:00","twitter_card":"summary_large_image","twitter_misc":{"Dur\u00e9e de lecture estim\u00e9e":"18 minutes"},"schema":{"@context":"https:\/\/schema.org","@graph":[{"@type":"WebPage","@id":"https:\/\/elingea.com\/about-us\/","url":"https:\/\/elingea.com\/about-us\/","name":"About Us - Elingea","isPartOf":{"@id":"https:\/\/elingea.com\/#website"},"datePublished":"2024-03-20T16:36:39+00:00","dateModified":"2025-07-01T07:40:28+00:00","breadcrumb":{"@id":"https:\/\/elingea.com\/about-us\/#breadcrumb"},"inLanguage":"fr-FR","potentialAction":[{"@type":"ReadAction","target":["https:\/\/elingea.com\/about-us\/"]}]},{"@type":"BreadcrumbList","@id":"https:\/\/elingea.com\/about-us\/#breadcrumb","itemListElement":[{"@type":"ListItem","position":1,"name":"Home","item":"https:\/\/elingea.com\/"},{"@type":"ListItem","position":2,"name":"About Us"}]},{"@type":"WebSite","@id":"https:\/\/elingea.com\/#website","url":"https:\/\/elingea.com\/","name":"Elingea","description":"Mediterranean Natural Products","potentialAction":[{"@type":"SearchAction","target":{"@type":"EntryPoint","urlTemplate":"https:\/\/elingea.com\/?s={search_term_string}"},"query-input":{"@type":"PropertyValueSpecification","valueRequired":true,"valueName":"search_term_string"}}],"inLanguage":"fr-FR"}]}},"_links":{"self":[{"href":"https:\/\/elingea.com\/fr\/wp-json\/wp\/v2\/pages\/135","targetHints":{"allow":["GET"]}}],"collection":[{"href":"https:\/\/elingea.com\/fr\/wp-json\/wp\/v2\/pages"}],"about":[{"href":"https:\/\/elingea.com\/fr\/wp-json\/wp\/v2\/types\/page"}],"author":[{"embeddable":true,"href":"https:\/\/elingea.com\/fr\/wp-json\/wp\/v2\/users\/1"}],"replies":[{"embeddable":true,"href":"https:\/\/elingea.com\/fr\/wp-json\/wp\/v2\/comments?post=135"}],"version-history":[{"count":34,"href":"https:\/\/elingea.com\/fr\/wp-json\/wp\/v2\/pages\/135\/revisions"}],"predecessor-version":[{"id":791,"href":"https:\/\/elingea.com\/fr\/wp-json\/wp\/v2\/pages\/135\/revisions\/791"}],"wp:attachment":[{"href":"https:\/\/elingea.com\/fr\/wp-json\/wp\/v2\/media?parent=135"}],"curies":[{"name":"wp","href":"https:\/\/api.w.org\/{rel}","templated":true}]}}