{"id":136,"date":"2024-03-20T16:36:55","date_gmt":"2024-03-20T16:36:55","guid":{"rendered":"https:\/\/dummy.xtemos.com\/woodmart2\/farm\/?page_id=19"},"modified":"2025-08-04T12:17:44","modified_gmt":"2025-08-04T12:17:44","slug":"contact-us","status":"publish","type":"page","link":"https:\/\/elingea.com\/de\/contact-us\/","title":{"rendered":"Kontakt"},"content":{"rendered":"<div class=\"wpb-content-wrapper\"><div class=\"vc_row wpb_row vc_row-fluid vc_custom_1753875202483 vc_row-has-fill wd-rs-688a02e2678bb\"><div class=\"wpb_column vc_column_container vc_col-sm-2\"><div class=\"vc_column-inner\"><div class=\"wpb_wrapper\"><\/div><\/div><\/div><div class=\"wpb_column vc_column_container vc_col-sm-8 wd-enabled-flex text-center wd-rs-688a02b31b77e\"><div class=\"vc_column-inner vc_custom_1753875138335\"><div class=\"wpb_wrapper\">\n\t<div class=\"wpb_text_column wpb_content_element wpb_animate_when_almost_visible wpb_fadeInDown fadeInDown\" >\n\t\t<div class=\"wpb_wrapper\">\n\t\t\t<p style=\"text-align: center;\"><strong>M\u00f6chten Sie Ihr Produktsortiment um etwas wirklich Einzigartiges erweitern?<\/strong><\/p>\n<p>Unsere innovativen Produkte auf Basis des griechischen Spargels bieten ein einzigartiges Mehrwertangebot f\u00fcr Fachleute aus Gastronomie und Einzelhandel. Sie vereinen hohen N\u00e4hrwert, raffinierten Geschmack und Premiumqualit\u00e4t \u2013 und sorgen so f\u00fcr Differenzierung und Wettbewerbsvorteil.<\/p>\n<p><strong>Kontaktieren Sie uns noch heute, um zu besprechen, wie wir zusammenarbeiten k\u00f6nnen, um Ihren Kunden ein neues, gesundes und geschmackvolles Erlebnis zu bieten.<\/strong><\/p>\n\n\t\t<\/div>\n\t<\/div>\n<\/div><\/div><\/div><div class=\"wpb_column vc_column_container vc_col-sm-2\"><div class=\"vc_column-inner\"><div class=\"wpb_wrapper\"><\/div><\/div><\/div><\/div><div class=\"vc_row wpb_row vc_row-fluid vc_row-o-content-middle vc_row-flex row-reverse-mobile row-reverse-tablet wd-rs-650c420529456\"><div class=\"wpb_column vc_column_container vc_col-sm-12 vc_col-lg-7 vc_col-md-7 wd-rs-650c3e74ca809\"><div class=\"vc_column-inner vc_custom_1695301240017\"><div class=\"wpb_wrapper\">\n\t<div class=\"wpb_raw_code wpb_raw_html wpb_content_element\" >\n\t\t<div class=\"wpb_wrapper\">\n\t\t\t<iframe src=\"https:\/\/www.google.com\/maps\/embed?pb=!1m18!1m12!1m3!1d3027.211594382212!2d22.951952999999996!3d40.6472659!2m3!1f0!2f0!3f0!3m2!1i1024!2i768!4f13.1!3m3!1m2!1s0x14a839b0849e49b1%3A0xff04ffb663bc4f66!2sElingea!5e0!3m2!1sen!2sgr!4v1750261472361!5m2!1sen!2sgr\" width=\"700\" height=\"700\" style=\"border:0;\" allowfullscreen=\"\" loading=\"lazy\" referrerpolicy=\"no-referrer-when-downgrade\"><\/iframe>\n\t\t<\/div>\n\t<\/div>\n<\/div><\/div><\/div><div class=\"wpb_column vc_column_container vc_col-sm-12 vc_col-lg-5 vc_col-md-5 wd-rs-650c3e794b5c0\"><div class=\"vc_column-inner vc_custom_1695301249438\"><div class=\"wpb_wrapper\">\n\t\t<div id=\"wd-6890a4dbe9cc0\" class=\"title-wrapper wd-wpb wd-set-mb reset-last-child  wd-rs-6890a4dbe9cc0 wd-title-color-primary wd-title-style-default text-left vc_custom_1754309859313 wd-underline-colored\">\n\t\t\t\n\t\t\t<div class=\"liner-continer\">\n\t\t\t\t<h4 class=\"woodmart-title-container title  wd-font-weight-600 wd-fontsize-l\" >Adresse<\/h4>\n\t\t\t\t\t\t\t<\/div>\n\t\t\t\n\t\t\t\n\t\t\t\n\t\t<\/div>\n\t\t\n\t\t\t\t<div id=\"wd-6852df07f0771\" class=\"wd-text-block wd-wpb reset-last-child wd-rs-6852df07f0771 text-left\">\n\t\t\t<p class=\" translation-block\">1st km Polyk\u00e1rpi-Aridaia National Road<br>\r\n58400, Pella, Greece<\/p>\n<p><strong>Hauptsitz<\/strong><br \/>\nAgriniou Stra\u00dfe 8, 56625 Sikies, Thessaloniki, Griechenland<\/p>\n<p>&nbsp;<\/p>\n<div id=\"gtx-trans\" style=\"position: absolute; left: 55px; top: 54px;\">\n<div class=\"gtx-trans-icon\"><\/div>\n<\/div>\n\t\t<\/div>\n\t\t<div class=\"vc_row wpb_row vc_inner vc_row-fluid vc_custom_1695302162532 wd-rs-650c420a7a654\"><div class=\"wpb_column vc_column_container vc_col-sm-6 wd-rs-650af611a64a6\"><div class=\"vc_column-inner vc_custom_1695217173093\"><div class=\"wpb_wrapper\">\n\t\t<div id=\"wd-682b3bed807db\" class=\"title-wrapper wd-wpb wd-set-mb reset-last-child  wd-rs-682b3bed807db wd-title-color-primary wd-title-style-default text-left vc_custom_1747663995963 wd-underline-colored\">\n\t\t\t\n\t\t\t<div class=\"liner-continer\">\n\t\t\t\t<h4 class=\"woodmart-title-container title  wd-font-weight-600 wd-fontsize-l\" >Telefon<\/h4>\n\t\t\t\t\t\t\t<\/div>\n\t\t\t\n\t\t\t\n\t\t\t\n\t\t<\/div>\n\t\t\n\t\t\t\t<div id=\"wd-682b90bfe93d9\" class=\"wd-text-block wd-wpb reset-last-child wd-rs-682b90bfe93d9 text-left\">\n\t\t\t<p><a href=\"tel: 302312311872\"><strong>+30 2312 311 872<\/strong><\/a><\/p>\n<p>&nbsp;<\/p>\n<div id=\"gtx-trans\" style=\"position: absolute; left: 120px; top: 38px;\">\n<div class=\"gtx-trans-icon\"><\/div>\n<\/div>\n\t\t<\/div>\n\t\t<\/div><\/div><\/div><div class=\"wpb_column vc_column_container vc_col-sm-6 wd-rs-650af61897987\"><div class=\"vc_column-inner vc_custom_1695217179433\"><div class=\"wpb_wrapper\">\n\t\t<div id=\"wd-682b3c83c41fe\" class=\"title-wrapper wd-wpb wd-set-mb reset-last-child  wd-rs-682b3c83c41fe wd-title-color-primary wd-title-style-default text-left vc_custom_1747664034380 wd-underline-colored\">\n\t\t\t\n\t\t\t<div class=\"liner-continer\">\n\t\t\t\t<h4 class=\"woodmart-title-container title  wd-font-weight-600 wd-fontsize-l\" >Email<\/h4>\n\t\t\t\t\t\t\t<\/div>\n\t\t\t\n\t\t\t\n\t\t\t\n\t\t<\/div>\n\t\t\n\t\t\t\t<div id=\"wd-682dc0aa14eb3\" class=\"wd-text-block wd-wpb reset-last-child wd-rs-682dc0aa14eb3 text-left\">\n\t\t\t<p><a href=\"mailto:info@elingea.com\"><strong>info@elingea.com<\/strong><\/a><\/p>\n<div id=\"gtx-trans\" style=\"position: absolute; left: -20px; top: -10px;\">\n<div class=\"gtx-trans-icon\"><\/div>\n<\/div>\n\t\t<\/div>\n\t\t<\/div><\/div><\/div><\/div>\t\t\t\t\t<div class=\"wd-cf7 wd-wpb wd-rs-678e6fadbd5a2 vc_custom_1737387954898\">\n\t\t\t\t\n<div class=\"wpcf7 no-js\" id=\"wpcf7-f12-o1\" lang=\"en-US\" dir=\"ltr\" data-wpcf7-id=\"12\">\n<div class=\"screen-reader-response\"><p role=\"status\" aria-live=\"polite\" aria-atomic=\"true\"><\/p> <ul><\/ul><\/div>\n<form action=\"\/de\/wp-json\/wp\/v2\/pages\/136#wpcf7-f12-o1\" method=\"post\" class=\"wpcf7-form init\" aria-label=\"Contact form\" novalidate=\"novalidate\" data-status=\"init\" data-trp-original-action=\"\/de\/wp-json\/wp\/v2\/pages\/136#wpcf7-f12-o1\">\n<div style=\"display: none;\">\n<input type=\"hidden\" name=\"_wpcf7\" value=\"12\" \/>\n<input type=\"hidden\" name=\"_wpcf7_version\" value=\"6.0.6\" \/>\n<input type=\"hidden\" name=\"_wpcf7_locale\" value=\"en_US\" \/>\n<input type=\"hidden\" name=\"_wpcf7_unit_tag\" value=\"wpcf7-f12-o1\" \/>\n<input type=\"hidden\" name=\"_wpcf7_container_post\" value=\"0\" \/>\n<input type=\"hidden\" name=\"_wpcf7_posted_data_hash\" value=\"\" \/>\n<input type=\"hidden\" name=\"_wpcf7_recaptcha_response\" value=\"\" \/>\n<\/div>\n<div class=\"wd-grid-g\">\n\t<div class=\"wd-grid-f-stretch\" style=\"--wd-gap-lg: 30px;--wd-gap-sm: 20px\">\n\t\t<p class=\"wd-col\"><label>Name<\/label><span class=\"wpcf7-form-control-wrap\" data-name=\"your-name\"><input size=\"40\" maxlength=\"400\" class=\"wpcf7-form-control wpcf7-text wpcf7-validates-as-required\" aria-required=\"true\" aria-invalid=\"false\" value=\"\" type=\"text\" name=\"your-name\" \/><\/span>\n\t\t<\/p>\n\t\t<p class=\"wd-col\"><label>Email<\/label><span class=\"wpcf7-form-control-wrap\" data-name=\"your-email\"><input size=\"40\" maxlength=\"400\" class=\"wpcf7-form-control wpcf7-email wpcf7-validates-as-required wpcf7-text wpcf7-validates-as-email\" aria-required=\"true\" aria-invalid=\"false\" value=\"\" type=\"email\" name=\"your-email\" \/><\/span>\n\t\t<\/p>\n\t<\/div>\n\t<p class=\"wd-col\"><label>Nachricht<\/label><span class=\"wpcf7-form-control-wrap\" data-name=\"your-message\"><textarea cols=\"40\" rows=\"10\" maxlength=\"2000\" class=\"wpcf7-form-control wpcf7-textarea\" aria-invalid=\"false\" name=\"your-message\"><\/textarea><\/span>\n\t<\/p>\n<span class=\"wpcf7-form-control-wrap recaptcha\" data-name=\"recaptcha\"><span data-sitekey=\"6LcJ-3QrAAAAAKwCchzQFoFC37Yh8elHkdTemELp\" class=\"wpcf7-form-control wpcf7-recaptcha g-recaptcha\"><\/span>\r\n<noscript>\r\n\t<div class=\"grecaptcha-noscript\">\r\n\t\t<iframe loading=\"lazy\" src=\"https:\/\/www.google.com\/recaptcha\/api\/fallback?k=6LcJ-3QrAAAAAKwCchzQFoFC37Yh8elHkdTemELp\" frameborder=\"0\" scrolling=\"no\" width=\"310\" height=\"430\">\r\n\t\t<\/iframe>\r\n\t\t<textarea name=\"g-recaptcha-response\" rows=\"3\" cols=\"40\" placeholder=\"reCaptcha Response Here\">\r\n\t\t<\/textarea>\r\n\t<\/div>\r\n<\/noscript>\r\n<\/span>\n\t<p class=\"wd-col\"><input class=\"wpcf7-form-control wpcf7-submit has-spinner btn btn-color-primary\" type=\"submit\" value=\"Senden\" \/>\n\t<\/p>\n<\/div><div class=\"wpcf7-response-output\" aria-hidden=\"true\"><\/div>\n<input type=\"hidden\" name=\"trp-form-language\" value=\"de\"\/><\/form>\n<\/div>\n\t\t\t<\/div>\n\t\t\t\t<\/div><\/div><\/div><\/div>\n<\/div>","protected":false},"excerpt":{"rendered":"Are you interested in enriching your product range with something truly unique? Our innovative products based on Greek asparagus offer","protected":false},"author":1,"featured_media":0,"parent":0,"menu_order":0,"comment_status":"closed","ping_status":"closed","template":"","meta":{"footnotes":""},"class_list":["post-136","page","type-page","status-publish","hentry"],"yoast_head":"<!-- This site is optimized with the Yoast SEO plugin v25.7 - https:\/\/yoast.com\/wordpress\/plugins\/seo\/ -->\n<title>Contact Us - Elingea<\/title>\n<meta name=\"robots\" content=\"index, follow, max-snippet:-1, max-image-preview:large, max-video-preview:-1\" \/>\n<link rel=\"canonical\" href=\"https:\/\/elingea.com\/de\/contact-us\/\" \/>\n<meta property=\"og:locale\" content=\"de_DE\" \/>\n<meta property=\"og:type\" content=\"article\" \/>\n<meta property=\"og:title\" content=\"Contact Us - Elingea\" \/>\n<meta property=\"og:url\" content=\"https:\/\/elingea.com\/de\/contact-us\/\" \/>\n<meta property=\"og:site_name\" content=\"Elingea\" \/>\n<meta property=\"article:modified_time\" content=\"2025-08-04T12:17:44+00:00\" \/>\n<meta name=\"twitter:card\" content=\"summary_large_image\" \/>\n<meta name=\"twitter:label1\" content=\"Gesch\u00e4tzte Lesezeit\" \/>\n\t<meta name=\"twitter:data1\" content=\"8\u00a0Minuten\" \/>\n<script type=\"application\/ld+json\" class=\"yoast-schema-graph\">{\"@context\":\"https:\/\/schema.org\",\"@graph\":[{\"@type\":\"WebPage\",\"@id\":\"https:\/\/elingea.com\/contact-us\/\",\"url\":\"https:\/\/elingea.com\/contact-us\/\",\"name\":\"Contact Us - Elingea\",\"isPartOf\":{\"@id\":\"https:\/\/elingea.com\/#website\"},\"datePublished\":\"2024-03-20T16:36:55+00:00\",\"dateModified\":\"2025-08-04T12:17:44+00:00\",\"breadcrumb\":{\"@id\":\"https:\/\/elingea.com\/contact-us\/#breadcrumb\"},\"inLanguage\":\"de\",\"potentialAction\":[{\"@type\":\"ReadAction\",\"target\":[\"https:\/\/elingea.com\/contact-us\/\"]}]},{\"@type\":\"BreadcrumbList\",\"@id\":\"https:\/\/elingea.com\/contact-us\/#breadcrumb\",\"itemListElement\":[{\"@type\":\"ListItem\",\"position\":1,\"name\":\"Home\",\"item\":\"https:\/\/elingea.com\/\"},{\"@type\":\"ListItem\",\"position\":2,\"name\":\"Contact Us\"}]},{\"@type\":\"WebSite\",\"@id\":\"https:\/\/elingea.com\/#website\",\"url\":\"https:\/\/elingea.com\/\",\"name\":\"Elingea\",\"description\":\"Mediterranean Natural Products\",\"potentialAction\":[{\"@type\":\"SearchAction\",\"target\":{\"@type\":\"EntryPoint\",\"urlTemplate\":\"https:\/\/elingea.com\/?s={search_term_string}\"},\"query-input\":{\"@type\":\"PropertyValueSpecification\",\"valueRequired\":true,\"valueName\":\"search_term_string\"}}],\"inLanguage\":\"de\"}]}<\/script>\n<!-- \/ Yoast SEO plugin. -->","yoast_head_json":{"title":"Contact Us - Elingea","robots":{"index":"index","follow":"follow","max-snippet":"max-snippet:-1","max-image-preview":"max-image-preview:large","max-video-preview":"max-video-preview:-1"},"canonical":"https:\/\/elingea.com\/de\/contact-us\/","og_locale":"de_DE","og_type":"article","og_title":"Contact Us - Elingea","og_url":"https:\/\/elingea.com\/de\/contact-us\/","og_site_name":"Elingea","article_modified_time":"2025-08-04T12:17:44+00:00","twitter_card":"summary_large_image","twitter_misc":{"Gesch\u00e4tzte Lesezeit":"8\u00a0Minuten"},"schema":{"@context":"https:\/\/schema.org","@graph":[{"@type":"WebPage","@id":"https:\/\/elingea.com\/contact-us\/","url":"https:\/\/elingea.com\/contact-us\/","name":"Contact Us - Elingea","isPartOf":{"@id":"https:\/\/elingea.com\/#website"},"datePublished":"2024-03-20T16:36:55+00:00","dateModified":"2025-08-04T12:17:44+00:00","breadcrumb":{"@id":"https:\/\/elingea.com\/contact-us\/#breadcrumb"},"inLanguage":"de","potentialAction":[{"@type":"ReadAction","target":["https:\/\/elingea.com\/contact-us\/"]}]},{"@type":"BreadcrumbList","@id":"https:\/\/elingea.com\/contact-us\/#breadcrumb","itemListElement":[{"@type":"ListItem","position":1,"name":"Home","item":"https:\/\/elingea.com\/"},{"@type":"ListItem","position":2,"name":"Contact Us"}]},{"@type":"WebSite","@id":"https:\/\/elingea.com\/#website","url":"https:\/\/elingea.com\/","name":"Elingea","description":"Mediterranean Natural Products","potentialAction":[{"@type":"SearchAction","target":{"@type":"EntryPoint","urlTemplate":"https:\/\/elingea.com\/?s={search_term_string}"},"query-input":{"@type":"PropertyValueSpecification","valueRequired":true,"valueName":"search_term_string"}}],"inLanguage":"de"}]}},"_links":{"self":[{"href":"https:\/\/elingea.com\/de\/wp-json\/wp\/v2\/pages\/136","targetHints":{"allow":["GET"]}}],"collection":[{"href":"https:\/\/elingea.com\/de\/wp-json\/wp\/v2\/pages"}],"about":[{"href":"https:\/\/elingea.com\/de\/wp-json\/wp\/v2\/types\/page"}],"author":[{"embeddable":true,"href":"https:\/\/elingea.com\/de\/wp-json\/wp\/v2\/users\/1"}],"replies":[{"embeddable":true,"href":"https:\/\/elingea.com\/de\/wp-json\/wp\/v2\/comments?post=136"}],"version-history":[{"count":18,"href":"https:\/\/elingea.com\/de\/wp-json\/wp\/v2\/pages\/136\/revisions"}],"predecessor-version":[{"id":863,"href":"https:\/\/elingea.com\/de\/wp-json\/wp\/v2\/pages\/136\/revisions\/863"}],"wp:attachment":[{"href":"https:\/\/elingea.com\/de\/wp-json\/wp\/v2\/media?parent=136"}],"curies":[{"name":"wp","href":"https:\/\/api.w.org\/{rel}","templated":true}]}}